{"id":36394,"date":"2017-02-04T22:33:37","date_gmt":"2017-02-04T22:33:37","guid":{"rendered":"https:\/\/angeldar.com\/\u0422\u043e\u0432\u0430\u0440\/unkategorisiert\/roman-chamomile-from-primavera\/"},"modified":"2024-01-02T13:40:18","modified_gmt":"2024-01-02T12:40:18","slug":"roman-chamomile-from-primavera","status":"publish","type":"product","link":"https:\/\/staging.angeldar.com\/en\/product\/roman-chamomile-from-primavera\/","title":{"rendered":"Organic Roman chamomile from Primavera"},"content":{"rendered":"<h2>Roman chamomile organic<\/h2>\n<p>The Roman chamomile (<em> Chamaemelum<\/em><em> nobile.)<\/em> belongs to the daisy family (<em>Asterceae). Roman chamomile is also known as &#8220;English chamomile&#8221; or &#8220;motherwort&#8221;. <\/em>It is a perennial herbaceous plant and has an intensely aromatic scent. It will be about 15-30cm high. Ihre Heimat ist West-Europa hoch bis Irland-aber auch inVorder und Mittelasien ist Sie heimisch.Die Bl\u00fcte entspricht dem Bild der Sonne, die mit ihren goldenen Strahlen tiefe Verspannungen zu durchdringen und zu l\u00f6sen vermag. Ein \u00e4therisches \u00d6l, das entspannende, lichtvolle und tr\u00f6stende Eigenschaften hat und zu den besten \u00e4therischen \u00d6len geh\u00f6rt, wenn es darum geht, das Nervenkleid zu st\u00e4rken und die innere Balance zu finden. Kann in zu hoher Dosis hautreizend sein.<\/p>\n<p><strong><em>All types of chamomile differ in their composition and mode of action.<\/em><\/strong><\/p>\n<p>In aromatic medicine, chamomile is blue, the oil of choice and, for the relaxing mental side, Roman chamomile. Roman chamomile has been used in nature and medicinal medicine for centuries.<\/p>\n<p><strong>You need about 170kg herb for 1ltr. Oil.<\/strong><\/p>\n<p><strong>Before internal use, please consult specialist books, doctor or aromatherapist.<\/strong><\/p>\n<p><strong>Effect physically:<\/strong> Antispasmodic, skin-regenerating, wound-healing, digestive. Helps with: gastrointestinal complaints, um<\/p>\n<p><strong>Effect on the soul:<\/strong> Strongly calming, harmonizing, stress-relieving. Helps with: fears, sleep disorders, shock, um<\/p>\n<p>Tip:<\/p>\n<p><strong> For menstrual cramps<\/strong><br \/>\n6 drops of Roman chamomile<\/p>\n<p><a href=\"https:\/\/staging.angeldar.com\/en\/product\/ylang-ylang-complete-bio-essential-oil-from-primavera\/\">3 drops of ylang-ylang<\/a><br \/>\n1 drop of rose<br \/>\n<a href=\"https:\/\/staging.angeldar.com\/en\/product\/lavendel-griechisch-aetherisches-oel-oshadhi\/\">3 drops of lavender (angustifolia)<\/a><br \/>\n3 drops of bergamot<br \/>\nPut the oils in 30 ml of cream or carrier oil. Massage the abdominal area several times a day with it.<\/p>\n<p><strong> Muscle loosening massage oil<\/strong><br \/>\nYou need to do this<br \/>\n2 drops of mandarin peel oil<br \/>\n2 drops of cedar wood oil<br \/>\n4 drops of chamomile oil roman.<br \/>\nPut on 50 ml of carrier oil. Use it to make hot, moist compresses.<\/p>\n<p><strong>Ingredients: Anthemis Nobilis Flower Oil<\/strong><\/p>\n","protected":false},"excerpt":{"rendered":"<p><strong>Bot.Name:<\/strong><em> Chamaemelum<\/em><em> nobile<\/em><\/p>\n<p><strong>Plant part:<\/strong> <em>herb<\/em><\/p>\n<p><strong>Production:<\/strong> <em>distillation<\/em><\/p>\n<p><strong>Herkunft: <em>Frankreich\/ Italien<\/em><\/strong><\/p>\n<p>&nbsp;<\/p>\n","protected":false},"featured_media":32932,"comment_status":"open","ping_status":"closed","template":"","meta":{"iawp_total_views":0},"pwb-brand":[1647],"product_brand":[],"product_cat":[338,333],"product_tag":[],"class_list":{"0":"post-36394","1":"product","2":"type-product","3":"status-publish","4":"has-post-thumbnail","6":"pwb-brand-primavera-en","7":"product_cat-aetherische-oele-en","8":"product_cat-aromatherapie-en","9":"pa_a-z-k-en","10":"pa_duftnote-heart","11":"pa_duftprofil-herbaceous","12":"pa_duftprofil-warm-en","13":"pa_element-fire","14":"pa_element-water","15":"pa_inhalt-1ml-en","16":"pa_inhalt-5ml-en","17":"pa_wirkung-clarifying","18":"pa_wirkung-balancing","19":"pa_wirkung-relaxing","21":"first","22":"instock","23":"taxable","24":"shipping-taxable","25":"purchasable","26":"product-type-variable"},"brands":[{"id":1647,"name":"Primavera life","slug":"primavera-en"}],"_links":{"self":[{"href":"https:\/\/staging.angeldar.com\/en\/wp-json\/wp\/v2\/product\/36394","targetHints":{"allow":["GET"]}}],"collection":[{"href":"https:\/\/staging.angeldar.com\/en\/wp-json\/wp\/v2\/product"}],"about":[{"href":"https:\/\/staging.angeldar.com\/en\/wp-json\/wp\/v2\/types\/product"}],"replies":[{"embeddable":true,"href":"https:\/\/staging.angeldar.com\/en\/wp-json\/wp\/v2\/comments?post=36394"}],"wp:featuredmedia":[{"embeddable":true,"href":"https:\/\/staging.angeldar.com\/en\/wp-json\/wp\/v2\/media\/32932"}],"wp:attachment":[{"href":"https:\/\/staging.angeldar.com\/en\/wp-json\/wp\/v2\/media?parent=36394"}],"wp:term":[{"taxonomy":"pwb-brand","embeddable":true,"href":"https:\/\/staging.angeldar.com\/en\/wp-json\/wp\/v2\/pwb-brand?post=36394"},{"taxonomy":"product_brand","embeddable":true,"href":"https:\/\/staging.angeldar.com\/en\/wp-json\/wp\/v2\/product_brand?post=36394"},{"taxonomy":"product_cat","embeddable":true,"href":"https:\/\/staging.angeldar.com\/en\/wp-json\/wp\/v2\/product_cat?post=36394"},{"taxonomy":"product_tag","embeddable":true,"href":"https:\/\/staging.angeldar.com\/en\/wp-json\/wp\/v2\/product_tag?post=36394"}],"curies":[{"name":"wp","href":"https:\/\/api.w.org\/{rel}","templated":true}]}}