{"id":33924,"date":"2017-06-25T10:03:39","date_gmt":"2017-06-25T08:03:39","guid":{"rendered":"https:\/\/angeldar.com\/shop\/unkategorisiert\/frangipani-natural-eau-de-cologne-farfalla-2\/"},"modified":"2025-03-23T16:43:40","modified_gmt":"2025-03-23T15:43:40","slug":"natural-eau-de-cologne-frangipani-farfalla","status":"publish","type":"product","link":"https:\/\/staging.angeldar.com\/en\/product\/natural-eau-de-cologne-frangipani-farfalla\/","title":{"rendered":"Natural Eau de Cologne Frangipani Farfalla"},"content":{"rendered":"<h2><em>  Natural Eau de Cologne Frangipani<\/em><\/h2>\n<h3><em><span style=\"font-size: 14pt;\">Natural Eau de Cologne Frangipani- A fragrance like a Polynesian vacation dream. Seductively delicate eau frache with tropical flower scents such as<a href=\"https:\/\/staging.angeldar.com\/%D0%A2%D0%BE%D0%B2%D0%B0%D1%80\/aromatherapie\/aetherische-oele\/frangipani-absolue-aetherisches-oel-20-von-primavera\/\"> Frangipani<\/a> and champaca, embedded in a sea of sunny fruit notes. In addition<\/span><span style=\"font-size: 14pt;\"> soft accents of vanilla and <span style=\"color: #0000ff;\"><a style=\"color: #0000ff;\" href=\"https:\/\/staging.angeldar.com\/%D0%A2%D0%BE%D0%B2%D0%B0%D1%80\/aromatherapie\/aetherische-oele\/benzoe-siam-bio-aetherisches-oel-primavera\/\">benzoe<\/a><\/span> take this scent off and take you into a sunny South Sea day. <\/span><\/em><\/h3>\n<p><span style=\"font-size: 14pt;\">Their beauty is unmatched, their fragrance is enchanted. This gentle flower magic takes us into a sunny South Sea dream full of carefree lightness.<\/span><\/p>\n<p><strong><span style=\"font-size: 14pt;\">Tip for the application:<\/span><\/strong><\/p>\n<p><span style=\"font-size: 14pt;\"><em>Spray 1 puff of Natural Eau Fra\u00eeche Frangipani on the inside of the wrists, arms and elbows, as well as on the temples, d\u00e9collet\u00e9, earlobes and hair. Do not rub.<\/em><\/span><\/p>\n<p>A natural perfume is like a good live concert \u2013 profound and thrilling. On a CD, imperceptible tones are cut off \u2013 and synthetic perfumes also appear flat. For 30 years, perfumer Jean-Claude Richard has been responsible for the harmonious nuances of farfalla natural perfumes, which he composes from natural essential oils and organic alcohol in the farfalla fragrance factory \u2013 inspired by aromas, plants and encounters from all over the world.<\/p>\n<p><span style=\"font-size: 14pt;\">Ingredients:<\/span><\/p>\n<p><span style=\"font-size: 14pt;\">Alcohol*, mixture of natural essential oils, rose water* * also from conttr. Organic<\/span><\/p>\n<p><span style=\"font-size: 14pt;\">INGREDIENTS: Alcohol*, Parfum (Natural Essential Oils), Aqua, Rosa Damascena Flower Water*, Benzyl Benzoate**, Benzyl Cinnamate**, Benzyl Salicylate**,Citral**, Citronellol**, Farnesol**, Geraniol**, Limonene**, Linalool**. * certified organic, ** part of natural essential oils<\/span><\/p>\n","protected":false},"excerpt":{"rendered":"<p><span style=\"font-size: 14pt;\">50ml<\/span><\/p>\n<p><span style=\"font-size: 14pt;\"><em> Natural Eau de Cologne Frangipani<\/em><\/span><\/p>\n<p><span style=\"font-size: 14pt;\">Switch off with a scent like from the South Seas!<\/span><\/p>\n<p><span style=\"font-size: 14pt;\">NaTrue certified organic cosmetics<\/span><\/p>\n<p>&nbsp;<\/p>\n<p>&nbsp;<\/p>\n","protected":false},"featured_media":32979,"comment_status":"open","ping_status":"closed","template":"","meta":{"iawp_total_views":1},"pwb-brand":[1649],"product_brand":[],"product_cat":[1101,1216],"product_tag":[],"class_list":{"0":"post-33924","1":"product","2":"type-product","3":"status-publish","4":"has-post-thumbnail","6":"pwb-brand-farfalla-en","7":"product_cat-perfumery","8":"product_cat-natural-perfume-for-you","10":"first","11":"instock","12":"taxable","13":"shipping-taxable","14":"purchasable","15":"product-type-simple"},"brands":[{"id":1649,"name":"farfalla","slug":"farfalla-en"}],"_links":{"self":[{"href":"https:\/\/staging.angeldar.com\/en\/wp-json\/wp\/v2\/product\/33924","targetHints":{"allow":["GET"]}}],"collection":[{"href":"https:\/\/staging.angeldar.com\/en\/wp-json\/wp\/v2\/product"}],"about":[{"href":"https:\/\/staging.angeldar.com\/en\/wp-json\/wp\/v2\/types\/product"}],"replies":[{"embeddable":true,"href":"https:\/\/staging.angeldar.com\/en\/wp-json\/wp\/v2\/comments?post=33924"}],"wp:featuredmedia":[{"embeddable":true,"href":"https:\/\/staging.angeldar.com\/en\/wp-json\/wp\/v2\/media\/32979"}],"wp:attachment":[{"href":"https:\/\/staging.angeldar.com\/en\/wp-json\/wp\/v2\/media?parent=33924"}],"wp:term":[{"taxonomy":"pwb-brand","embeddable":true,"href":"https:\/\/staging.angeldar.com\/en\/wp-json\/wp\/v2\/pwb-brand?post=33924"},{"taxonomy":"product_brand","embeddable":true,"href":"https:\/\/staging.angeldar.com\/en\/wp-json\/wp\/v2\/product_brand?post=33924"},{"taxonomy":"product_cat","embeddable":true,"href":"https:\/\/staging.angeldar.com\/en\/wp-json\/wp\/v2\/product_cat?post=33924"},{"taxonomy":"product_tag","embeddable":true,"href":"https:\/\/staging.angeldar.com\/en\/wp-json\/wp\/v2\/product_tag?post=33924"}],"curies":[{"name":"wp","href":"https:\/\/api.w.org\/{rel}","templated":true}]}}