{"id":33674,"date":"2020-04-05T16:39:18","date_gmt":"2020-04-05T14:39:18","guid":{"rendered":"https:\/\/angeldar.com\/shop\/unkategorisiert\/mountain-lavender-relax-hand-cream-of-farfalla\/"},"modified":"2025-01-12T14:05:06","modified_gmt":"2025-01-12T13:05:06","slug":"mountain-lavender-relax-hand-cream-of-farfalla","status":"publish","type":"product","link":"https:\/\/staging.angeldar.com\/en\/product\/mountain-lavender-relax-hand-cream-of-farfalla\/","title":{"rendered":"Mountain Lavender Relax Hand Cream from farfalla"},"content":{"rendered":"<h2><span style=\"font-size: 18pt;\"><strong><em>Mountain Lavender Relax Hand Cream:<\/em><\/strong><\/span><\/h2>\n<p><span style=\"font-size: 12pt;\"><em><span style=\"font-size: 14pt;\">Berglavendel Relax Hand Cream &#8211; Moisturizing, soothing skin protection complex for well-cared for hands. The balancing and soothing essential oil of the mountain lavender helps to stave off the stress of the day and to come to rest. Organic shea butter preserves the suppleness of the skin and repairs<\/span> <\/em>cracked places.<\/span><\/p>\n<p><a href=\"https:\/\/staging.angeldar.com\/product\/lavendel-wildsammlung-aetherisches-oel\/\"><span style=\"color: #ff0000;\">Mountain lavender<\/span><\/a><\/p>\n<p>The ethereal oil of the mountain lavender brings inner peace and serenity. Simply wonderful to get rid of the stress of the day and to feel nice and relaxed. Massage in a small amount gently.<\/p>\n<p>WATER, SONNENBLUMEN\u00d6L*, FETTALKOHOL, ALKOHOL, LAVENDELBL\u00dcTENWASSER*, COMPANY GLYZERIN, FETTS\u00c4UREGLUKOSID, LAVENDEL\u00d6L*, SHEABUTTER*, ALOE VERA SAFT*, VITAMIN E, ASCORBINIC, ARGININE, LAURINS\u00c4UREISOAMYLESTER, ROTALGEN-EXTRAKT, MISCHUNG NATURAL * from conttr. Organic<\/p>\n","protected":false},"excerpt":{"rendered":"<p>50ml<\/p>\n<p>NaTrue Certified natural cosmetics with organic contentContent:<\/p>\n<p>Vegan<\/p>\n<p>Dermatologically tested<\/p>\n","protected":false},"featured_media":33243,"comment_status":"open","ping_status":"closed","template":"","meta":{"iawp_total_views":0},"pwb-brand":[1649],"product_brand":[],"product_cat":[1125,1103],"product_tag":[2422,2423],"class_list":{"0":"post-33674","1":"product","2":"type-product","3":"status-publish","4":"has-post-thumbnail","6":"pwb-brand-farfalla-en","7":"product_cat-cosmetics","8":"product_cat-personal-hygiene","9":"product_tag-cares-for-the-hands","10":"product_tag-smells-wonderfully-of-lavender","12":"first","13":"instock","14":"taxable","15":"shipping-taxable","16":"purchasable","17":"product-type-simple"},"brands":[{"id":1649,"name":"farfalla","slug":"farfalla-en"}],"_links":{"self":[{"href":"https:\/\/staging.angeldar.com\/en\/wp-json\/wp\/v2\/product\/33674","targetHints":{"allow":["GET"]}}],"collection":[{"href":"https:\/\/staging.angeldar.com\/en\/wp-json\/wp\/v2\/product"}],"about":[{"href":"https:\/\/staging.angeldar.com\/en\/wp-json\/wp\/v2\/types\/product"}],"replies":[{"embeddable":true,"href":"https:\/\/staging.angeldar.com\/en\/wp-json\/wp\/v2\/comments?post=33674"}],"wp:featuredmedia":[{"embeddable":true,"href":"https:\/\/staging.angeldar.com\/en\/wp-json\/wp\/v2\/media\/33243"}],"wp:attachment":[{"href":"https:\/\/staging.angeldar.com\/en\/wp-json\/wp\/v2\/media?parent=33674"}],"wp:term":[{"taxonomy":"pwb-brand","embeddable":true,"href":"https:\/\/staging.angeldar.com\/en\/wp-json\/wp\/v2\/pwb-brand?post=33674"},{"taxonomy":"product_brand","embeddable":true,"href":"https:\/\/staging.angeldar.com\/en\/wp-json\/wp\/v2\/product_brand?post=33674"},{"taxonomy":"product_cat","embeddable":true,"href":"https:\/\/staging.angeldar.com\/en\/wp-json\/wp\/v2\/product_cat?post=33674"},{"taxonomy":"product_tag","embeddable":true,"href":"https:\/\/staging.angeldar.com\/en\/wp-json\/wp\/v2\/product_tag?post=33674"}],"curies":[{"name":"wp","href":"https:\/\/api.w.org\/{rel}","templated":true}]}}