{"id":33611,"date":"2017-06-24T15:47:50","date_gmt":"2017-06-24T13:47:50","guid":{"rendered":"https:\/\/angeldar.com\/shop\/unkategorisiert\/woe-bathing-bio-rose-osmanthus\/"},"modified":"2025-07-15T10:55:12","modified_gmt":"2025-07-15T08:55:12","slug":"alles-liebe-handcreme-primavera","status":"publish","type":"product","link":"https:\/\/staging.angeldar.com\/en\/product\/alles-liebe-handcreme-primavera\/","title":{"rendered":"All love hand cream Primavera"},"content":{"rendered":"<h3>All love hand cream<\/h3>\n<p><em><strong>Pure natural plant power from organic rose pampers skin &amp; senses. The floral-sensual fragrance envelops and enchants. The pampering one  <\/strong><strong>All love hand cream <\/strong><strong>has a holistic balancing effect, warms and stimulates dreaming. <\/strong> <\/em><\/p>\n<p><em><strong>100 plant power. dermatologically tested.<\/strong><\/em><\/p>\n<p><span style=\"font-size: 14pt;\">Organic rose oil promotes cell renewal. The rose aroma ensures inner harmony.<\/span><\/p>\n<p>Breathe deeply and feel the mood-enhancing, activating, soothing or harmonizing effect of the essential oils. Enjoy the holistic effect of our personal care products and experience fragrance experiences with beneficial effects on body, mind and soul.<\/p>\n<div class=\"product attribute oneliner\">\n<div class=\"value\"><em>The skin-soothing Alles Liebe hand cream nourishes the skin with a rosy, light formula and caresses the skin and senses with its mood-lifting fragrance.<\/em><\/div>\n<\/div>\n<div class=\"product attribute description\">\n<div class=\"value expandable\">\n<div class=\"pdetails\">\n<p><em>Discover fragrant worlds of well-being and experience body care straight from nature that touches your senses and has a long-lasting effect. The skin-soothing Alles Liebe hand cream cares for your hands with all-natural organic plant power. Its rosy, light formula flatters your hands and pampers them with a sensual composition of organic almond oil, organic cupuacu butter and organic macadamia nut oil. It provides long-lasting protection and care for the skin and is a gift of pure appreciation. Lovingly massaged into the hands, it soothes the skin and gives you a feel-good moment with yourself. With its mood-lifting scent of orange, mandarin, vanilla and neroli, it caresses your skin, senses and soul.     <\/em><\/p>\n<p>Sensuality and harmony<\/p>\n<p>The Alles Liebe line pampers us with pure natural plant extracts, selected plant waters and high-quality plant oils and gives us unique moments of well-being. Organic rose and organic mandarin envelop the skin and senses, providing gentle, soothing care and pure harmony for body and mind. For sensual and harmonious fragrance experiences.  <\/p>\n<h4 id=\"diy-block\">Organic macadamia nut oil has a slightly nutty fragrance and is very kind to the skin. It provides intensive care, preserves the skin&#8217;s moisture and makes the skin feel pleasantly smooth. <\/h4>\n<h4>Organic cupua\u00e7u butter makes the skin soft and supple.<\/h4>\n<h4 id=\"diy-block\">Organic almond oil soothes the skin, provides protection and preserves the skin&#8217;s natural moisture<\/h4>\n<h4>Organic orange blossom water has a delicate floral fragrance and soothes the skin and senses. It also refines the complexion and is soothing for reddened skin. <\/h4>\n<h4>Organic<a href=\"https:\/\/staging.angeldar.com\/product\/rose-absolue-aetherisches-oel-von-primavera\/\"> <span style=\"color: #ff00ff;\">rose oil <\/span><\/a>is particularly skin caring and promotes the regeneration of the skin. The rose aroma provides inner harmony.<\/h4>\n<h4>Organic mandarin oil has a mood-lifting and refreshing fragrance.<\/h4>\n<div class=\"wp-column is-full mb-2 p-0\"><\/div>\n<div class=\"wp-column is-full mb-2 p-0\"><strong>Ingredients<br \/>\nWater, jojoba oil* organic, glycerin, almond oil* organic, polyglyceryl stearate, shea butter* organic, macadamia nut oil* organic, avocado oil* organic, sodium stearoyl lactate, cetearyl alcohol, cupuacu butter* organic, 100% natural essential oils: rose essential oil* organic, mandarin essential oil* organic, green and white tea extract* organic, beeswax* organic, sunflower oil* organic, natural vitamin E, xanthan gum, lactic acid oil* organic, green and white tea extract* organic. Rose oil* organic, mandarin essential oil* organic, green and white tea extract* organic, beeswax* organic, sunflower oil* organic, natural vitamin E, xanthan gum, lactic acid, sodium anisate, sodium levulinate, limonene**, linalool**, citronellol**, geraniol**, citral**<br \/>\n<small>* organic = controlled organic cultivation<br \/>\n** natural ingredients of 100% pure natural essential oils<\/small><\/strong><\/div>\n<p><strong>INCI<\/strong><br \/>\nWater (Aqua), Simmondsia Chinensis (Jojoba) Seed Oil* org, Glycerin, Prunus Amygdalus Dulcis (Sweet Almond) Oil* org, Polyglyceryl-3 Stearate, Butyrospermum Parkii (Shea) Butter* org, Macadamia Integrifolia\/Tetraphylla Seed Oil* org, Persea Gratissima (Avocado) Oil* org, Sodium Stearoyl Lactylate, Cetearyl Alcohol, Theobroma Grandiflorum Seed Butter* org, Fragrance (Parfum)**, Rosa Damascena Flower Oil* org, Citrus Nobilis (Mandarin Orange) Peel Oil* org, Camellia Sinensis Leaf Extract* org, Beeswax (Cera Alba)* org, Helianthus Annuus (Sunflower) Seed Oil* org, Tocopherol, Xanthan Gum, Lactic Acid, Sodium Anisate, Sodium Levulinate, Limonene**, Linalool**, Citronellol**, Geraniol**, Citral**<br \/>\n<small>* bio\/org = kontrolliert biologischer Anbau\/ certified organic cultivation<br \/>\n** nat\u00fcrliche Bestandteile 100% naturreiner \u00e4therischer \u00d6le\/ from 100% pure and natural essential oils<\/small><\/p>\n<\/div>\n<\/div>\n<\/div>\n<div class=\"wp-column is-full mb-2 p-0\"><\/div>\n<div>\n<div class=\"product attribute oneliner\"><\/div>\n<div class=\"product attribute description\">\n<div class=\"value expandable\">\n<div class=\"pdetails\">\n<p>&nbsp;<\/p>\n<\/div>\n<\/div>\n<\/div>\n<\/div>\n","protected":false},"excerpt":{"rendered":"<p>50 ml<\/p>\n<p>The skin-soothing hand cream nourishes the skin with a rosy, light formula and caresses the skin and senses with its mood-lifting fragrance.<\/p>\n<p><img decoding=\"async\" class=\"alignleft wp-image-29392\" src=\"https:\/\/staging.angeldar.com\/wp-content\/uploads\/2017\/12\/Natrue_Logo-e1516531380849.jpg\" alt=\"\" width=\"89\" height=\"89\" srcset=\"https:\/\/staging.angeldar.com\/wp-content\/uploads\/2017\/12\/Natrue_Logo-e1516531380849.jpg 150w, https:\/\/staging.angeldar.com\/wp-content\/uploads\/2017\/12\/Natrue_Logo-e1516531380849-100x100.jpg 100w, https:\/\/staging.angeldar.com\/wp-content\/uploads\/2017\/12\/Natrue_Logo-e1516531380849-50x50.jpg 50w\" sizes=\"(max-width: 89px) 100vw, 89px\" \/><\/p>\n","protected":false},"featured_media":41230,"comment_status":"open","ping_status":"closed","template":"","meta":{"iawp_total_views":7},"pwb-brand":[1647],"product_brand":[],"product_cat":[1103,1125],"product_tag":[],"class_list":{"0":"post-33611","1":"product","2":"type-product","3":"status-publish","4":"has-post-thumbnail","6":"pwb-brand-primavera-en","7":"product_cat-personal-hygiene","8":"product_cat-cosmetics","10":"first","11":"instock","12":"taxable","13":"shipping-taxable","14":"purchasable","15":"product-type-simple"},"brands":[{"id":1647,"name":"Primavera life","slug":"primavera-en"}],"_links":{"self":[{"href":"https:\/\/staging.angeldar.com\/en\/wp-json\/wp\/v2\/product\/33611","targetHints":{"allow":["GET"]}}],"collection":[{"href":"https:\/\/staging.angeldar.com\/en\/wp-json\/wp\/v2\/product"}],"about":[{"href":"https:\/\/staging.angeldar.com\/en\/wp-json\/wp\/v2\/types\/product"}],"replies":[{"embeddable":true,"href":"https:\/\/staging.angeldar.com\/en\/wp-json\/wp\/v2\/comments?post=33611"}],"wp:featuredmedia":[{"embeddable":true,"href":"https:\/\/staging.angeldar.com\/en\/wp-json\/wp\/v2\/media\/41230"}],"wp:attachment":[{"href":"https:\/\/staging.angeldar.com\/en\/wp-json\/wp\/v2\/media?parent=33611"}],"wp:term":[{"taxonomy":"pwb-brand","embeddable":true,"href":"https:\/\/staging.angeldar.com\/en\/wp-json\/wp\/v2\/pwb-brand?post=33611"},{"taxonomy":"product_brand","embeddable":true,"href":"https:\/\/staging.angeldar.com\/en\/wp-json\/wp\/v2\/product_brand?post=33611"},{"taxonomy":"product_cat","embeddable":true,"href":"https:\/\/staging.angeldar.com\/en\/wp-json\/wp\/v2\/product_cat?post=33611"},{"taxonomy":"product_tag","embeddable":true,"href":"https:\/\/staging.angeldar.com\/en\/wp-json\/wp\/v2\/product_tag?post=33611"}],"curies":[{"name":"wp","href":"https:\/\/api.w.org\/{rel}","templated":true}]}}