{"id":33607,"date":"2017-06-24T18:08:27","date_gmt":"2017-06-24T16:08:27","guid":{"rendered":"https:\/\/angeldar.com\/shop\/unkategorisiert\/activating-shower-peeling-bio-mint-bio-cypress\/"},"modified":"2026-03-02T13:01:45","modified_gmt":"2026-03-02T12:01:45","slug":"duschpeeling-waldspaziergang-primavera","status":"publish","type":"product","link":"https:\/\/staging.angeldar.com\/en\/product\/duschpeeling-waldspaziergang-primavera\/","title":{"rendered":"Forest Walk Shower Scrub &#8211; Organic Cedar &amp; Cypress Primavera"},"content":{"rendered":"<h2 data-path-to-node=\"3\">Forest walk shower scrub: Activating organic care for smooth skin<\/h2>\n<p data-path-to-node=\"4\"><b data-path-to-node=\"4\" data-index-in-node=\"0\">Immerse yourself in the invigorating scent of the forest.<\/b> Our activating <b data-path-to-node=\"4\" data-index-in-node=\"69\">forest walk shower scrub<\/b> envelops you in the freshness of organic cedar and organic cypress. Experience your daily fragrance ritual and give yourself a moment full of strength and clarity. <\/p>\n<h3 data-path-to-node=\"5\">Natural cleansing &amp; gentle renewal<\/h3>\n<p data-path-to-node=\"6\">This natural cosmetic scrub is based on a high-quality plant power composition. It combines deeply effective care with a unique fragrance experience: <\/p>\n<ul data-path-to-node=\"7\">\n<li>\n<p data-path-to-node=\"7,0,0\"><b data-path-to-node=\"7,0,0\" data-index-in-node=\"0\">Gentle exfoliation:<\/b> Jojoba wax pearls and olive stone granules gently remove dead skin cells.<\/p>\n<\/li>\n<li>\n<p data-path-to-node=\"7,1,0\"><b data-path-to-node=\"7,1,0\" data-index-in-node=\"0\">Mild cleansing:<\/b> Gently cleanses with sugar surfactants without drying out the skin.<\/p>\n<\/li>\n<li>\n<p data-path-to-node=\"7,2,0\"><b data-path-to-node=\"7,2,0\" data-index-in-node=\"0\">Refined skin texture:<\/b> Stimulates blood circulation and supports natural skin renewal.<\/p>\n<\/li>\n<li>\n<p data-path-to-node=\"7,3,0\"><b data-path-to-node=\"7,3,0\" data-index-in-node=\"0\">Organic ingredients:<\/b> With valuable organic witch hazel water, organic rosemary extract and organic horsetail extract.<\/p>\n<\/li>\n<\/ul>\n<h3 data-path-to-node=\"8\">Application for your feel-good moment<\/h3>\n<p data-path-to-node=\"9\">Simply massage the scrub into damp skin and then rinse well. The result? Noticeably smoother skin and a fresh, woody fragrance that invigorates mind and body.  <\/p>\n<p><em>Strength and clarity for body and mind<\/em><\/p>\n<p><em>The Forest Walk line provides refreshment and new strength with natural plant extracts. It provides gentle, long-lasting care for the skin and preserves its natural moisture. With its spicy, tangy scent of organic cedar and organic cypress, it brings the wonderful freshness of the forest and unique moments of well-being into our everyday lives and allows us to experience clarity, new strength and the feeling of being grounded.  <\/em><\/p>\n<p><em>Jojoba beads<\/em><\/p>\n<p><em>are small wax beads made from the seeds of the jojoba tree. Jojoba beads are a particularly gentle exfoliating additive, so they are also highly recommended for dry and sensitive skin. <\/em><\/p>\n<p><em>Tip<\/em><\/p>\n<p><em>Perfect for velvety soft hands: use the shower scrub as a hand scrub, then pamper your hands with the soothing Pure Relaxation hand cream.<\/em><\/p>\n<p><em>Olive stone granules<\/em><\/p>\n<p><em>provides a natural, gentle and careful exfoliating effect. Gently removes dead skin cells and impurities. <\/em><\/p>\n<p><a href=\"https:\/\/staging.angeldar.com\/product\/hamameliswasser-bio-von-primavera\/\"><em>Organic witch hazel water<\/em><\/a><\/p>\n<p><em>is particularly suitable for skin care and also has a refreshing effect. It clarifies the skin, tones, soothes and refines the complexion. <\/em><\/p>\n<p><a href=\"https:\/\/staging.angeldar.com\/product\/rosmarin-verbenon-bio-aetherisches-oel\/\"><em>Organic rosemary extract<\/em><\/a><\/p>\n<p><em>is particularly good at protecting against premature skin ageing caused by oxidative stress.<\/em><\/p>\n<p><em>Organic cedar<\/em><\/p>\n<p><em>promotes blood circulation in the skin and has a balancing and stabilizing effect.<\/em><\/p>\n<p><em>Organic cypress<\/em><\/p>\n<p><em>has a circulation-promoting, antibacterial and astringent effect. Its stimulating fragrance clears the mind. <\/em><\/p>\n<p><strong>Ingredients of <\/strong>shower scrub forest walk<\/p>\n<div>\n<div class=\"wp-column is-full mb-2 p-0\">Water (Aqua), Disodium Cocoyl Glutamate, Glycerin, Coco-Glucoside, Hydrogenated Jojoba Oil, Pentylene Glycol, Betaine, Hydrated Silica, Fragrance (Parfum)**, Lactic Acid, Olea Europaea (Olive) Seed Powder, Xanthan Gum, Hamamelis Virginiana (Witch Hazel) Leaf Water*, Cupressus Sempervirens Leaf\/Nut\/Stem Oil*, Cedrus Atlantica Oil\/Extract*, Citrus Aurantium Peel Oil*, Citrus Limon Peel Oil*, Lavandula Oil\/Extract*, Citrus Aurantium Bergamia Fruit Oil*, Mentha Piperita Oil*, Rosmarinus Officinalis (Rosemary) Leaf Extract*, Hamamelis Virginiana (Witch Hazel) Leaf Extract*, Equisetum Arvense Extract*, Carrageenan, Glyceryl Caprylate, Levulinic Acid, Sodium Levulinate, Alcohol*, Menthol**, Limonene**, Linalool**, Pinene**, Citronellol**, Geraniol**, Camphor**, Linalyl Acetate**, Beta-Caryophyllene**, CI 75810 (Chlorophyllin-Copper Complex).<br \/>\n<small>* kontrolliert biologischer Anbau \/ certified organic cultivation<br \/>\n** nat\u00fcrlicher Bestandteil 100% naturreiner \u00e4therischer \u00d6le \/ from 100% pure an natural essential oils<\/small><\/div>\n<\/div>\n","protected":false},"excerpt":{"rendered":"<p>200ml<\/p>\n<h3 data-path-to-node=\"3\">Shower scrub Forest walk<\/h3>\n<p>All-natural plant power composition with organic witch hazel water, organic rosemary extract and organic horsetail extract<\/p>\n<p><img decoding=\"async\" class=\"alignleft wp-image-29392\" src=\"https:\/\/staging.angeldar.com\/wp-content\/uploads\/2017\/12\/Natrue_Logo-e1516531380849.jpg\" alt=\"\" width=\"88\" height=\"88\" srcset=\"https:\/\/staging.angeldar.com\/wp-content\/uploads\/2017\/12\/Natrue_Logo-e1516531380849.jpg 150w, https:\/\/staging.angeldar.com\/wp-content\/uploads\/2017\/12\/Natrue_Logo-e1516531380849-100x100.jpg 100w, https:\/\/staging.angeldar.com\/wp-content\/uploads\/2017\/12\/Natrue_Logo-e1516531380849-50x50.jpg 50w\" sizes=\"(max-width: 88px) 100vw, 88px\" \/><\/p>\n","protected":false},"featured_media":41298,"comment_status":"open","ping_status":"closed","template":"","meta":{"iawp_total_views":0},"pwb-brand":[1647],"product_brand":[],"product_cat":[1103,1125],"product_tag":[],"class_list":{"0":"post-33607","1":"product","2":"type-product","3":"status-publish","4":"has-post-thumbnail","6":"pwb-brand-primavera-en","7":"product_cat-personal-hygiene","8":"product_cat-cosmetics","10":"first","11":"instock","12":"taxable","13":"shipping-taxable","14":"purchasable","15":"product-type-simple"},"brands":[{"id":1647,"name":"Primavera life","slug":"primavera-en"}],"_links":{"self":[{"href":"https:\/\/staging.angeldar.com\/en\/wp-json\/wp\/v2\/product\/33607","targetHints":{"allow":["GET"]}}],"collection":[{"href":"https:\/\/staging.angeldar.com\/en\/wp-json\/wp\/v2\/product"}],"about":[{"href":"https:\/\/staging.angeldar.com\/en\/wp-json\/wp\/v2\/types\/product"}],"replies":[{"embeddable":true,"href":"https:\/\/staging.angeldar.com\/en\/wp-json\/wp\/v2\/comments?post=33607"}],"wp:featuredmedia":[{"embeddable":true,"href":"https:\/\/staging.angeldar.com\/en\/wp-json\/wp\/v2\/media\/41298"}],"wp:attachment":[{"href":"https:\/\/staging.angeldar.com\/en\/wp-json\/wp\/v2\/media?parent=33607"}],"wp:term":[{"taxonomy":"pwb-brand","embeddable":true,"href":"https:\/\/staging.angeldar.com\/en\/wp-json\/wp\/v2\/pwb-brand?post=33607"},{"taxonomy":"product_brand","embeddable":true,"href":"https:\/\/staging.angeldar.com\/en\/wp-json\/wp\/v2\/product_brand?post=33607"},{"taxonomy":"product_cat","embeddable":true,"href":"https:\/\/staging.angeldar.com\/en\/wp-json\/wp\/v2\/product_cat?post=33607"},{"taxonomy":"product_tag","embeddable":true,"href":"https:\/\/staging.angeldar.com\/en\/wp-json\/wp\/v2\/product_tag?post=33607"}],"curies":[{"name":"wp","href":"https:\/\/api.w.org\/{rel}","templated":true}]}}